{"id":1738,"date":"2017-12-28T15:19:22","date_gmt":"2017-12-28T14:19:22","guid":{"rendered":"http:\/\/www.zz-lancy.com\/public\/?page_id=1738"},"modified":"2018-08-26T09:11:57","modified_gmt":"2018-08-26T07:11:57","slug":"documents","status":"publish","type":"page","link":"https:\/\/www.zz-lancy.com\/public\/documents\/","title":{"rendered":"Documents"},"content":{"rendered":"\t\t<div data-elementor-type=\"wp-post\" data-elementor-id=\"1738\" class=\"elementor elementor-1738 elementor-bc-flex-widget\" data-elementor-post-type=\"page\">\n\t\t\t\t\t\t<section class=\"elementor-section elementor-top-section elementor-element elementor-element-03915d7 elementor-section-boxed elementor-section-height-default elementor-section-height-default\" data-id=\"03915d7\" data-element_type=\"section\">\n\t\t\t\t\t\t<div class=\"elementor-container elementor-column-gap-default\">\n\t\t\t\t\t<div class=\"elementor-column elementor-col-100 elementor-top-column elementor-element elementor-element-ea5de3a\" data-id=\"ea5de3a\" data-element_type=\"column\">\n\t\t\t<div class=\"elementor-widget-wrap elementor-element-populated\">\n\t\t\t\t\t\t<div class=\"elementor-element elementor-element-dad0537 elementor-widget elementor-widget-text-editor\" data-id=\"dad0537\" data-element_type=\"widget\" data-widget_type=\"text-editor.default\">\n\t\t\t\t<div class=\"elementor-widget-container\">\n\t\t\t\t\t\t\t\t\t<p>Ici sont regroup\u00e9s, \u00e0 t\u00e9l\u00e9charger, les principaux documents utiles contenu dans ce site.<\/p>\t\t\t\t\t\t\t\t<\/div>\n\t\t\t\t<\/div>\n\t\t\t\t\t<\/div>\n\t\t<\/div>\n\t\t\t\t\t<\/div>\n\t\t<\/section>\n\t\t\t\t<section class=\"elementor-section elementor-top-section elementor-element elementor-element-194734e elementor-section-boxed elementor-section-height-default elementor-section-height-default\" data-id=\"194734e\" data-element_type=\"section\">\n\t\t\t\t\t\t<div class=\"elementor-container elementor-column-gap-default\">\n\t\t\t\t\t<div class=\"elementor-column elementor-col-33 elementor-top-column elementor-element elementor-element-a08c7e4\" data-id=\"a08c7e4\" data-element_type=\"column\">\n\t\t\t<div class=\"elementor-widget-wrap elementor-element-populated\">\n\t\t\t\t\t\t<div class=\"elementor-element elementor-element-6d410dc elementor-widget elementor-widget-heading\" data-id=\"6d410dc\" data-element_type=\"widget\" data-widget_type=\"heading.default\">\n\t\t\t\t<div class=\"elementor-widget-container\">\n\t\t\t\t\t<h2 class=\"elementor-heading-title elementor-size-default\">Formulaire d'inscription<\/h2>\t\t\t\t<\/div>\n\t\t\t\t<\/div>\n\t\t\t\t<div class=\"elementor-element elementor-element-aca96fc elementor-widget elementor-widget-image\" data-id=\"aca96fc\" data-element_type=\"widget\" data-widget_type=\"image.default\">\n\t\t\t\t<div class=\"elementor-widget-container\">\n\t\t\t\t\t\t\t\t\t\t\t\t<figure class=\"wp-caption\">\n\t\t\t\t\t\t\t\t\t\t\t<a href=\"http:\/\/www.zz-lancy.com\/public\/wp-content\/uploads\/2017\/12\/Formulaire-adh%C3%A9sion.pdf\" target=\"_blank\">\n\t\t\t\t\t\t\t<img fetchpriority=\"high\" decoding=\"async\" width=\"237\" height=\"336\" src=\"https:\/\/www.zz-lancy.com\/public\/wp-content\/uploads\/2017\/12\/Formulaire-adh\u00e9sion-Vertical.png\" class=\"elementor-animation-bounce-in attachment-large size-large wp-image-875\" alt=\"Formulaire adh\u00e9sion\" \/>\t\t\t\t\t\t\t\t<\/a>\n\t\t\t\t\t\t\t\t\t\t\t<figcaption class=\"widget-image-caption wp-caption-text\">Cliquer pour t\u00e9l\u00e9charger<\/figcaption>\n\t\t\t\t\t\t\t\t\t\t<\/figure>\n\t\t\t\t\t\t\t\t\t<\/div>\n\t\t\t\t<\/div>\n\t\t\t\t\t<\/div>\n\t\t<\/div>\n\t\t\t\t<div class=\"elementor-column elementor-col-33 elementor-top-column elementor-element elementor-element-8801ce8\" data-id=\"8801ce8\" data-element_type=\"column\">\n\t\t\t<div class=\"elementor-widget-wrap elementor-element-populated\">\n\t\t\t\t\t\t<div class=\"elementor-element elementor-element-3f06f30 elementor-widget elementor-widget-heading\" data-id=\"3f06f30\" data-element_type=\"widget\" data-widget_type=\"heading.default\">\n\t\t\t\t<div class=\"elementor-widget-container\">\n\t\t\t\t\t<h2 class=\"elementor-heading-title elementor-size-default\">Bulletin de versement<\/h2>\t\t\t\t<\/div>\n\t\t\t\t<\/div>\n\t\t\t\t<div class=\"elementor-element elementor-element-57012ad elementor-widget elementor-widget-image\" data-id=\"57012ad\" data-element_type=\"widget\" data-widget_type=\"image.default\">\n\t\t\t\t<div class=\"elementor-widget-container\">\n\t\t\t\t\t\t\t\t\t\t\t\t<figure class=\"wp-caption\">\n\t\t\t\t\t\t\t\t\t\t\t<a href=\"http:\/\/www.zz-lancy.com\/public\/wp-content\/uploads\/2017\/12\/Bulletin-de-versement-virement-CTT-ZZ-Lancy.pdf\" target=\"_blank\">\n\t\t\t\t\t\t\t<img decoding=\"async\" width=\"237\" height=\"336\" src=\"https:\/\/www.zz-lancy.com\/public\/wp-content\/uploads\/2017\/12\/Bulletin-de-versement-Vertical.png\" class=\"elementor-animation-bounce-in attachment-large size-large wp-image-877\" alt=\"Bulletin de versement\" \/>\t\t\t\t\t\t\t\t<\/a>\n\t\t\t\t\t\t\t\t\t\t\t<figcaption class=\"widget-image-caption wp-caption-text\">Cliquer pour t\u00e9l\u00e9charger<\/figcaption>\n\t\t\t\t\t\t\t\t\t\t<\/figure>\n\t\t\t\t\t\t\t\t\t<\/div>\n\t\t\t\t<\/div>\n\t\t\t\t\t<\/div>\n\t\t<\/div>\n\t\t\t\t<div class=\"elementor-column elementor-col-33 elementor-top-column elementor-element elementor-element-c0454fc\" data-id=\"c0454fc\" data-element_type=\"column\">\n\t\t\t<div class=\"elementor-widget-wrap elementor-element-populated\">\n\t\t\t\t\t\t<div class=\"elementor-element elementor-element-2aeecc8 elementor-widget elementor-widget-heading\" data-id=\"2aeecc8\" data-element_type=\"widget\" data-widget_type=\"heading.default\">\n\t\t\t\t<div class=\"elementor-widget-container\">\n\t\t\t\t\t<h2 class=\"elementor-heading-title elementor-size-default\">Statuts du CTT ZZ-Lancy<\/h2>\t\t\t\t<\/div>\n\t\t\t\t<\/div>\n\t\t\t\t<div class=\"elementor-element elementor-element-4af3ac0 elementor-widget elementor-widget-image\" data-id=\"4af3ac0\" data-element_type=\"widget\" data-widget_type=\"image.default\">\n\t\t\t\t<div class=\"elementor-widget-container\">\n\t\t\t\t\t\t\t\t\t\t\t\t<figure class=\"wp-caption\">\n\t\t\t\t\t\t\t\t\t\t\t<a href=\"http:\/\/www.zz-lancy.com\/public\/wp-content\/uploads\/2017\/12\/Statuts-du-CTT-ZZ-Lancy.pdf\" target=\"_blank\">\n\t\t\t\t\t\t\t<img decoding=\"async\" width=\"870\" height=\"1212\" src=\"https:\/\/www.zz-lancy.com\/public\/wp-content\/uploads\/2017\/12\/Statuts-du-CTT-ZZ-Lancy.png\" class=\"elementor-animation-bounce-in attachment-large size-large wp-image-1749\" alt=\"Statuts du CTT ZZ-Lancy\" srcset=\"https:\/\/www.zz-lancy.com\/public\/wp-content\/uploads\/2017\/12\/Statuts-du-CTT-ZZ-Lancy.png 870w, https:\/\/www.zz-lancy.com\/public\/wp-content\/uploads\/2017\/12\/Statuts-du-CTT-ZZ-Lancy-755x1052.png 755w\" sizes=\"(max-width: 870px) 100vw, 870px\" \/>\t\t\t\t\t\t\t\t<\/a>\n\t\t\t\t\t\t\t\t\t\t\t<figcaption class=\"widget-image-caption wp-caption-text\">Cliquer pour t\u00e9l\u00e9charger<\/figcaption>\n\t\t\t\t\t\t\t\t\t\t<\/figure>\n\t\t\t\t\t\t\t\t\t<\/div>\n\t\t\t\t<\/div>\n\t\t\t\t\t<\/div>\n\t\t<\/div>\n\t\t\t\t\t<\/div>\n\t\t<\/section>\n\t\t\t\t<\/div>\n\t\t","protected":false},"excerpt":{"rendered":"<p>Ici sont regroup\u00e9s, \u00e0 t\u00e9l\u00e9charger, les principaux documents utiles contenu dans ce site. Formulaire d&#8217;inscription Cliquer pour t\u00e9l\u00e9charger Bulletin de versement Cliquer pour t\u00e9l\u00e9charger Statuts du CTT ZZ-Lancy Cliquer pour t\u00e9l\u00e9charger<\/p>\n","protected":false},"author":1,"featured_media":0,"parent":0,"menu_order":4,"comment_status":"closed","ping_status":"closed","template":"","meta":{"generate_page_header":"","footnotes":""},"class_list":["post-1738","page","type-page","status-publish"],"yoast_head":"<!-- This site is optimized with the Yoast SEO plugin v21.5 - https:\/\/yoast.com\/wordpress\/plugins\/seo\/ -->\n<title>Documents &#8212; CTT ZZ-Lancy \u2022 Club et \u00e9cole de tennis de table \u00e0 Gen\u00e8ve, Suisse<\/title>\n<meta name=\"robots\" content=\"noindex, follow, max-snippet:-1, max-image-preview:large, max-video-preview:-1\" \/>\n<meta property=\"og:locale\" content=\"fr_FR\" \/>\n<meta property=\"og:type\" content=\"article\" \/>\n<meta property=\"og:title\" content=\"Documents &#8212; CTT ZZ-Lancy \u2022 Club et \u00e9cole de tennis de table \u00e0 Gen\u00e8ve, Suisse\" \/>\n<meta property=\"og:description\" content=\"Ici sont regroup\u00e9s, \u00e0 t\u00e9l\u00e9charger, les principaux documents utiles contenu dans ce site. Formulaire d&#8217;inscription Cliquer pour t\u00e9l\u00e9charger Bulletin de versement Cliquer pour t\u00e9l\u00e9charger Statuts du CTT ZZ-Lancy Cliquer pour t\u00e9l\u00e9charger\" \/>\n<meta property=\"og:url\" content=\"http:\/\/www.zz-lancy.com\/public\/documents\/\" \/>\n<meta property=\"og:site_name\" content=\"CTT ZZ-Lancy \u2022 Club et \u00e9cole de tennis de table \u00e0 Gen\u00e8ve, Suisse\" \/>\n<meta property=\"article:publisher\" content=\"https:\/\/www.facebook.com\/zzlancyctt\/\" \/>\n<meta property=\"article:modified_time\" content=\"2018-08-26T07:11:57+00:00\" \/>\n<meta property=\"og:image\" content=\"http:\/\/www.zz-lancy.com\/public\/wp-content\/uploads\/2017\/12\/Bulletin-de-versement-Vertical.png\" \/>\n<meta name=\"twitter:card\" content=\"summary_large_image\" \/>\n<meta name=\"twitter:site\" content=\"@zzlancy\" \/>\n<script type=\"application\/ld+json\" class=\"yoast-schema-graph\">{\"@context\":\"https:\/\/schema.org\",\"@graph\":[{\"@type\":\"WebPage\",\"@id\":\"http:\/\/www.zz-lancy.com\/public\/documents\/\",\"url\":\"http:\/\/www.zz-lancy.com\/public\/documents\/\",\"name\":\"Documents &#8212; CTT ZZ-Lancy \u2022 Club et \u00e9cole de tennis de table \u00e0 Gen\u00e8ve, Suisse\",\"isPartOf\":{\"@id\":\"https:\/\/www.zz-lancy.com\/public\/#website\"},\"datePublished\":\"2017-12-28T14:19:22+00:00\",\"dateModified\":\"2018-08-26T07:11:57+00:00\",\"breadcrumb\":{\"@id\":\"http:\/\/www.zz-lancy.com\/public\/documents\/#breadcrumb\"},\"inLanguage\":\"fr-FR\",\"potentialAction\":[{\"@type\":\"ReadAction\",\"target\":[\"http:\/\/www.zz-lancy.com\/public\/documents\/\"]}]},{\"@type\":\"BreadcrumbList\",\"@id\":\"http:\/\/www.zz-lancy.com\/public\/documents\/#breadcrumb\",\"itemListElement\":[{\"@type\":\"ListItem\",\"position\":1,\"name\":\"Accueil\",\"item\":\"http:\/\/www.zz-lancy.com\/public\/\"},{\"@type\":\"ListItem\",\"position\":2,\"name\":\"Documents\"}]},{\"@type\":\"WebSite\",\"@id\":\"https:\/\/www.zz-lancy.com\/public\/#website\",\"url\":\"https:\/\/www.zz-lancy.com\/public\/\",\"name\":\"CTT ZZ-Lancy \u2022 Club et \u00e9cole de tennis de table \u00e0 Gen\u00e8ve, Suisse\",\"description\":\"Le club o\u00f9 il fait bon jouer !\",\"publisher\":{\"@id\":\"https:\/\/www.zz-lancy.com\/public\/#organization\"},\"potentialAction\":[{\"@type\":\"SearchAction\",\"target\":{\"@type\":\"EntryPoint\",\"urlTemplate\":\"https:\/\/www.zz-lancy.com\/public\/?s={search_term_string}\"},\"query-input\":\"required name=search_term_string\"}],\"inLanguage\":\"fr-FR\"},{\"@type\":\"Organization\",\"@id\":\"https:\/\/www.zz-lancy.com\/public\/#organization\",\"name\":\"CTT ZZ-LANCY\",\"url\":\"https:\/\/www.zz-lancy.com\/public\/\",\"logo\":{\"@type\":\"ImageObject\",\"inLanguage\":\"fr-FR\",\"@id\":\"https:\/\/www.zz-lancy.com\/public\/#\/schema\/logo\/image\/\",\"url\":\"http:\/\/www.zz-lancy.com\/public\/wp-content\/uploads\/2018\/01\/logo_ctt_zz-lancy_1180x236.png\",\"contentUrl\":\"http:\/\/www.zz-lancy.com\/public\/wp-content\/uploads\/2018\/01\/logo_ctt_zz-lancy_1180x236.png\",\"width\":1180,\"height\":236,\"caption\":\"CTT ZZ-LANCY\"},\"image\":{\"@id\":\"https:\/\/www.zz-lancy.com\/public\/#\/schema\/logo\/image\/\"},\"sameAs\":[\"https:\/\/www.facebook.com\/zzlancyctt\/\",\"https:\/\/twitter.com\/zzlancy\",\"https:\/\/www.youtube.com\/channel\/UCZnAqQQqR_vZFuLPwbnC7dA\"]}]}<\/script>\n<!-- \/ Yoast SEO plugin. -->","yoast_head_json":{"title":"Documents &#8212; CTT ZZ-Lancy \u2022 Club et \u00e9cole de tennis de table \u00e0 Gen\u00e8ve, Suisse","robots":{"index":"noindex","follow":"follow","max-snippet":"max-snippet:-1","max-image-preview":"max-image-preview:large","max-video-preview":"max-video-preview:-1"},"og_locale":"fr_FR","og_type":"article","og_title":"Documents &#8212; CTT ZZ-Lancy \u2022 Club et \u00e9cole de tennis de table \u00e0 Gen\u00e8ve, Suisse","og_description":"Ici sont regroup\u00e9s, \u00e0 t\u00e9l\u00e9charger, les principaux documents utiles contenu dans ce site. Formulaire d&#8217;inscription Cliquer pour t\u00e9l\u00e9charger Bulletin de versement Cliquer pour t\u00e9l\u00e9charger Statuts du CTT ZZ-Lancy Cliquer pour t\u00e9l\u00e9charger","og_url":"http:\/\/www.zz-lancy.com\/public\/documents\/","og_site_name":"CTT ZZ-Lancy \u2022 Club et \u00e9cole de tennis de table \u00e0 Gen\u00e8ve, Suisse","article_publisher":"https:\/\/www.facebook.com\/zzlancyctt\/","article_modified_time":"2018-08-26T07:11:57+00:00","og_image":[{"url":"http:\/\/www.zz-lancy.com\/public\/wp-content\/uploads\/2017\/12\/Bulletin-de-versement-Vertical.png"}],"twitter_card":"summary_large_image","twitter_site":"@zzlancy","schema":{"@context":"https:\/\/schema.org","@graph":[{"@type":"WebPage","@id":"http:\/\/www.zz-lancy.com\/public\/documents\/","url":"http:\/\/www.zz-lancy.com\/public\/documents\/","name":"Documents &#8212; CTT ZZ-Lancy \u2022 Club et \u00e9cole de tennis de table \u00e0 Gen\u00e8ve, Suisse","isPartOf":{"@id":"https:\/\/www.zz-lancy.com\/public\/#website"},"datePublished":"2017-12-28T14:19:22+00:00","dateModified":"2018-08-26T07:11:57+00:00","breadcrumb":{"@id":"http:\/\/www.zz-lancy.com\/public\/documents\/#breadcrumb"},"inLanguage":"fr-FR","potentialAction":[{"@type":"ReadAction","target":["http:\/\/www.zz-lancy.com\/public\/documents\/"]}]},{"@type":"BreadcrumbList","@id":"http:\/\/www.zz-lancy.com\/public\/documents\/#breadcrumb","itemListElement":[{"@type":"ListItem","position":1,"name":"Accueil","item":"http:\/\/www.zz-lancy.com\/public\/"},{"@type":"ListItem","position":2,"name":"Documents"}]},{"@type":"WebSite","@id":"https:\/\/www.zz-lancy.com\/public\/#website","url":"https:\/\/www.zz-lancy.com\/public\/","name":"CTT ZZ-Lancy \u2022 Club et \u00e9cole de tennis de table \u00e0 Gen\u00e8ve, Suisse","description":"Le club o\u00f9 il fait bon jouer !","publisher":{"@id":"https:\/\/www.zz-lancy.com\/public\/#organization"},"potentialAction":[{"@type":"SearchAction","target":{"@type":"EntryPoint","urlTemplate":"https:\/\/www.zz-lancy.com\/public\/?s={search_term_string}"},"query-input":"required name=search_term_string"}],"inLanguage":"fr-FR"},{"@type":"Organization","@id":"https:\/\/www.zz-lancy.com\/public\/#organization","name":"CTT ZZ-LANCY","url":"https:\/\/www.zz-lancy.com\/public\/","logo":{"@type":"ImageObject","inLanguage":"fr-FR","@id":"https:\/\/www.zz-lancy.com\/public\/#\/schema\/logo\/image\/","url":"http:\/\/www.zz-lancy.com\/public\/wp-content\/uploads\/2018\/01\/logo_ctt_zz-lancy_1180x236.png","contentUrl":"http:\/\/www.zz-lancy.com\/public\/wp-content\/uploads\/2018\/01\/logo_ctt_zz-lancy_1180x236.png","width":1180,"height":236,"caption":"CTT ZZ-LANCY"},"image":{"@id":"https:\/\/www.zz-lancy.com\/public\/#\/schema\/logo\/image\/"},"sameAs":["https:\/\/www.facebook.com\/zzlancyctt\/","https:\/\/twitter.com\/zzlancy","https:\/\/www.youtube.com\/channel\/UCZnAqQQqR_vZFuLPwbnC7dA"]}]}},"_links":{"self":[{"href":"https:\/\/www.zz-lancy.com\/public\/wp-json\/wp\/v2\/pages\/1738","targetHints":{"allow":["GET"]}}],"collection":[{"href":"https:\/\/www.zz-lancy.com\/public\/wp-json\/wp\/v2\/pages"}],"about":[{"href":"https:\/\/www.zz-lancy.com\/public\/wp-json\/wp\/v2\/types\/page"}],"author":[{"embeddable":true,"href":"https:\/\/www.zz-lancy.com\/public\/wp-json\/wp\/v2\/users\/1"}],"replies":[{"embeddable":true,"href":"https:\/\/www.zz-lancy.com\/public\/wp-json\/wp\/v2\/comments?post=1738"}],"version-history":[{"count":0,"href":"https:\/\/www.zz-lancy.com\/public\/wp-json\/wp\/v2\/pages\/1738\/revisions"}],"wp:attachment":[{"href":"https:\/\/www.zz-lancy.com\/public\/wp-json\/wp\/v2\/media?parent=1738"}],"curies":[{"name":"wp","href":"https:\/\/api.w.org\/{rel}","templated":true}]}}